{"id":228,"date":"2016-09-20T09:19:34","date_gmt":"2016-09-20T14:19:34","guid":{"rendered":"https:\/\/www.zazeli.opcinapasman.hr\/?page_id=228"},"modified":"2023-02-19T13:27:47","modified_gmt":"2023-02-19T13:27:47","slug":"home-2","status":"publish","type":"page","link":"https:\/\/www.zazeli.opcinapasman.hr\/","title":{"rendered":"Home"},"content":{"rendered":"<div id=\"cs-content\" class=\"cs-content\"><\/div>\n","protected":false},"excerpt":{"rendered":"<p>Projekt&#8221;Za\u017eeli u op\u0107ini Kali&#8221;Op\u0107ina Kali se u suradnji s Op\u0107inom Pa\u0161man ponovno uklju\u010dila u projekt \u201eZa\u017eeli! \u2013 program zapo\u0161ljavanja \u017eena\u201c Ministarstva rada, mirovinskog sustava, obitelji i socijalne politike koji je financiran bespovratnim sredstvima iz Europskog socijalnog fonda, Operativnog programa U\u010dinkoviti ljudski potencijali 2014.-2020. Zapo\u0161ljavanje \u017eena na podru\u010dju obje op\u0107ine ovaj put se realizira putem zajedni\u010dkog projekta Op\u0107ine Kali i Op\u0107ine &#8230; <a href=\"https:\/\/www.zazeli.opcinapasman.hr\/\" class=\"more-link\">Read More<\/a><\/p>\n","protected":false},"author":1,"featured_media":0,"parent":0,"menu_order":0,"comment_status":"closed","ping_status":"closed","template":"template-blank-4.php","meta":{"footnotes":""},"class_list":["post-228","page","type-page","status-publish","hentry","no-post-thumbnail"],"_links":{"self":[{"href":"https:\/\/www.zazeli.opcinapasman.hr\/index.php?rest_route=\/wp\/v2\/pages\/228","targetHints":{"allow":["GET"]}}],"collection":[{"href":"https:\/\/www.zazeli.opcinapasman.hr\/index.php?rest_route=\/wp\/v2\/pages"}],"about":[{"href":"https:\/\/www.zazeli.opcinapasman.hr\/index.php?rest_route=\/wp\/v2\/types\/page"}],"author":[{"embeddable":true,"href":"https:\/\/www.zazeli.opcinapasman.hr\/index.php?rest_route=\/wp\/v2\/users\/1"}],"replies":[{"embeddable":true,"href":"https:\/\/www.zazeli.opcinapasman.hr\/index.php?rest_route=%2Fwp%2Fv2%2Fcomments&post=228"}],"version-history":[{"count":49,"href":"https:\/\/www.zazeli.opcinapasman.hr\/index.php?rest_route=\/wp\/v2\/pages\/228\/revisions"}],"predecessor-version":[{"id":426,"href":"https:\/\/www.zazeli.opcinapasman.hr\/index.php?rest_route=\/wp\/v2\/pages\/228\/revisions\/426"}],"wp:attachment":[{"href":"https:\/\/www.zazeli.opcinapasman.hr\/index.php?rest_route=%2Fwp%2Fv2%2Fmedia&parent=228"}],"curies":[{"name":"wp","href":"https:\/\/api.w.org\/{rel}","templated":true}]}}